{"id":1391,"date":"2016-02-12T07:54:41","date_gmt":"2016-02-12T07:54:41","guid":{"rendered":"http:\/\/demos.famethemes.com\/onepress\/?page_id=4"},"modified":"2022-01-20T13:35:18","modified_gmt":"2022-01-20T12:35:18","slug":"it-og-kommunikation-for-virksomheder","status":"publish","type":"page","link":"https:\/\/wp-test-003.irvold.dk\/","title":{"rendered":"Vi tilbyder"},"content":{"rendered":"\n<p>Irvold IT &amp; Kommunikation hj\u00e6lper dig med alt det, der ellers klares af en IT- eller marketingafdeling.<\/p>\n\n\n\n<h3 class=\"wp-block-heading\">Irvold IT &amp; Kommunikation<\/h3>\n\n\n\n<p>Vi  har mange \u00e5rs erfaring med at hj\u00e6lpe mindre og mellemstore virksomheder med<strong>&nbsp;alt, hvad der skal til, for at IT- platformen virker godt<\/strong>. Det g\u00e6lder alt fra&nbsp;<strong>nye pc\u2019er, printere, netv\u00e6rks- og telefoniudstyr til cloud-l\u00f8sninger, opgraderinger og IT-sikkerhed.<\/strong><\/p>\n\n\n\n<p><strong>Irvold IT fungerer som kundernes eksterne IT- afdeling<\/strong>. Vi ved pr\u00e6cis, hvor vigtigt det er for dig som virksomhed at have\u00a0<strong>en god r\u00e5dgiver og samarbejdspartner at ringe til,\u00a0<\/strong>n\u00e5r netv\u00e6rket skal opgraderes, eller pc\u2019en er g\u00e5et ned. Vi l\u00e6gger v\u00e6gt p\u00e5, at du har tillid til os og ved, at vi altid er der. Det g\u00e6lder, uanset om noget br\u00e6nder p\u00e5, eller om du har brug for et godt r\u00e5d. For selvf\u00f8lgelig skal du have den bedst mulige hj\u00e6lp til, at du kan f\u00f8re din forretning sikkert og effektivt. <\/p>\n\n\n\n<p>Tilsvarende g\u00e6lder det for mindre virksomheder uden egen marketingafdeling. Der er tit er s\u00e5 travlt med at h\u00e5ndtere faste kunder, at det er sv\u00e6rt at komme et skridt foran. M\u00e5ske har du brug for vores hj\u00e6lp til at&nbsp;<strong>finde nye kunder eller f\u00e5 lavet de fede kundehistorier. Vi bygger websites<\/strong>, og vi har kunder, der i fuld tillid har gjort os til administrator af deres online profiler, som vi vedligeholder. Og s\u00e5 arbejder vi med st\u00f8rre virksomheder, der m\u00e5ske ikke altid lige har de n\u00f8dvendige ressourcer in-house til at tage sig af for eksempel den&nbsp;<strong>vigtige kvalitetssikring.<\/strong><\/p>\n\n\n\n<p>N\u00e5r din virksomhed har brug for at&nbsp;<strong>\u00f8ge markedsf\u00f8rings-indsatsen eller kvaliteten<\/strong>&nbsp;af den kommunikation, I har med kunderne, s\u00e5 hj\u00e6lper vi med det hele. Det g\u00e6lder<strong>&nbsp;alt fra digital eller mere traditionel markedsf\u00f8ring til tekstforfatning, kundercases, videoproduktion og kvalitetssikring af materialer, tilbud osv.<\/strong><\/p>\n\n\n\n<p>Vi vil ogs\u00e5 meget gerne dele vores viden om markedsf\u00f8ring med dig. For eksempel ved at v\u00e6re din sparringspartner p\u00e5 mere <strong>strategisk kommunikation<\/strong> i forhold til medarbejdere, kunder eller<strong> presse.<\/strong><\/p>\n","protected":false},"excerpt":{"rendered":"<p>Irvold IT &amp; Kommunikation hj\u00e6lper dig med alt det, der ellers klares af en IT- eller marketingafdeling. Irvold IT &amp; Kommunikation Vi har mange \u00e5rs erfaring med at hj\u00e6lpe mindre &#8230;<\/p>\n","protected":false},"author":3,"featured_media":0,"parent":0,"menu_order":0,"comment_status":"closed","ping_status":"closed","template":"template-frontpage.php","meta":{"footnotes":""},"yoast_head":"<!-- This site is optimized with the Yoast SEO plugin v22.9 - https:\/\/yoast.com\/wordpress\/plugins\/seo\/ -->\n<title>Vi tilbyder - Irvold IT &amp; Kommunikation<\/title>\n<meta name=\"description\" content=\"Vi vil gerne v\u00e6re jeres eksterne IT- eller marketingafdeling - hvis I har alt for travlt til at f\u00e5 styr p\u00e5 jeres kommunikation.\" \/>\n<meta name=\"robots\" content=\"index, follow, max-snippet:-1, max-image-preview:large, max-video-preview:-1\" \/>\n<link rel=\"canonical\" href=\"https:\/\/irvold.dk\/\" \/>\n<meta property=\"og:locale\" content=\"da_DK\" \/>\n<meta property=\"og:type\" content=\"article\" \/>\n<meta property=\"og:title\" content=\"Vi tilbyder - Irvold IT &amp; Kommunikation\" \/>\n<meta property=\"og:description\" content=\"Vi vil gerne v\u00e6re jeres eksterne IT- eller marketingafdeling - hvis I har alt for travlt til at f\u00e5 styr p\u00e5 jeres kommunikation.\" \/>\n<meta property=\"og:url\" content=\"https:\/\/irvold.dk\/\" \/>\n<meta property=\"og:site_name\" content=\"Irvold IT &amp; Kommunikation\" \/>\n<meta property=\"article:publisher\" content=\"https:\/\/www.facebook.com\/irvoldit\" \/>\n<meta property=\"article:modified_time\" content=\"2022-01-20T12:35:18+00:00\" \/>\n<meta property=\"og:image\" content=\"https:\/\/wp-test-003.irvold.dk\/wp-content\/uploads\/2021\/01\/Logo2021-600x600-1.png\" \/>\n\t<meta property=\"og:image:width\" content=\"600\" \/>\n\t<meta property=\"og:image:height\" content=\"600\" \/>\n\t<meta property=\"og:image:type\" content=\"image\/png\" \/>\n<meta name=\"twitter:card\" content=\"summary_large_image\" \/>\n<meta name=\"twitter:label1\" content=\"Estimeret l\u00e6setid\" \/>\n\t<meta name=\"twitter:data1\" content=\"2 minutter\" \/>\n<script type=\"application\/ld+json\" class=\"yoast-schema-graph\">{\"@context\":\"https:\/\/schema.org\",\"@graph\":[{\"@type\":\"WebPage\",\"@id\":\"https:\/\/irvold.dk\/\",\"url\":\"https:\/\/irvold.dk\/\",\"name\":\"Vi tilbyder - Irvold IT &amp; Kommunikation\",\"isPartOf\":{\"@id\":\"https:\/\/irvold.dk\/#website\"},\"datePublished\":\"2016-02-12T07:54:41+00:00\",\"dateModified\":\"2022-01-20T12:35:18+00:00\",\"description\":\"Vi vil gerne v\u00e6re jeres eksterne IT- eller marketingafdeling - hvis I har alt for travlt til at f\u00e5 styr p\u00e5 jeres kommunikation.\",\"breadcrumb\":{\"@id\":\"https:\/\/irvold.dk\/#breadcrumb\"},\"inLanguage\":\"da-DK\",\"potentialAction\":[{\"@type\":\"ReadAction\",\"target\":[\"https:\/\/irvold.dk\/\"]}]},{\"@type\":\"BreadcrumbList\",\"@id\":\"https:\/\/irvold.dk\/#breadcrumb\",\"itemListElement\":[{\"@type\":\"ListItem\",\"position\":1,\"name\":\"Hjem\",\"item\":\"https:\/\/irvold.dk\/\"},{\"@type\":\"ListItem\",\"position\":2,\"name\":\"Vi tilbyder\"}]},{\"@type\":\"WebSite\",\"@id\":\"https:\/\/irvold.dk\/#website\",\"url\":\"https:\/\/irvold.dk\/\",\"name\":\"Irvold IT &amp; Kommunikation\",\"description\":\"\",\"publisher\":{\"@id\":\"https:\/\/irvold.dk\/#organization\"},\"potentialAction\":[{\"@type\":\"SearchAction\",\"target\":{\"@type\":\"EntryPoint\",\"urlTemplate\":\"https:\/\/irvold.dk\/?s={search_term_string}\"},\"query-input\":\"required name=search_term_string\"}],\"inLanguage\":\"da-DK\"},{\"@type\":\"Organization\",\"@id\":\"https:\/\/irvold.dk\/#organization\",\"name\":\"Irvold IT & Kommunikation\",\"url\":\"https:\/\/irvold.dk\/\",\"logo\":{\"@type\":\"ImageObject\",\"inLanguage\":\"da-DK\",\"@id\":\"https:\/\/irvold.dk\/#\/schema\/logo\/image\/\",\"url\":\"\",\"contentUrl\":\"\",\"caption\":\"Irvold IT & Kommunikation\"},\"image\":{\"@id\":\"https:\/\/irvold.dk\/#\/schema\/logo\/image\/\"},\"sameAs\":[\"https:\/\/www.facebook.com\/irvoldit\",\"https:\/\/www.linkedin.com\/company\/73920751\"]}]}<\/script>\n<!-- \/ Yoast SEO plugin. -->","yoast_head_json":{"title":"Vi tilbyder - Irvold IT &amp; Kommunikation","description":"Vi vil gerne v\u00e6re jeres eksterne IT- eller marketingafdeling - hvis I har alt for travlt til at f\u00e5 styr p\u00e5 jeres kommunikation.","robots":{"index":"index","follow":"follow","max-snippet":"max-snippet:-1","max-image-preview":"max-image-preview:large","max-video-preview":"max-video-preview:-1"},"canonical":"https:\/\/irvold.dk\/","og_locale":"da_DK","og_type":"article","og_title":"Vi tilbyder - Irvold IT &amp; Kommunikation","og_description":"Vi vil gerne v\u00e6re jeres eksterne IT- eller marketingafdeling - hvis I har alt for travlt til at f\u00e5 styr p\u00e5 jeres kommunikation.","og_url":"https:\/\/irvold.dk\/","og_site_name":"Irvold IT &amp; Kommunikation","article_publisher":"https:\/\/www.facebook.com\/irvoldit","article_modified_time":"2022-01-20T12:35:18+00:00","og_image":[{"width":600,"height":600,"url":"https:\/\/wp-test-003.irvold.dk\/wp-content\/uploads\/2021\/01\/Logo2021-600x600-1.png","type":"image\/png"}],"twitter_card":"summary_large_image","twitter_misc":{"Estimeret l\u00e6setid":"2 minutter"},"schema":{"@context":"https:\/\/schema.org","@graph":[{"@type":"WebPage","@id":"https:\/\/irvold.dk\/","url":"https:\/\/irvold.dk\/","name":"Vi tilbyder - Irvold IT &amp; Kommunikation","isPartOf":{"@id":"https:\/\/irvold.dk\/#website"},"datePublished":"2016-02-12T07:54:41+00:00","dateModified":"2022-01-20T12:35:18+00:00","description":"Vi vil gerne v\u00e6re jeres eksterne IT- eller marketingafdeling - hvis I har alt for travlt til at f\u00e5 styr p\u00e5 jeres kommunikation.","breadcrumb":{"@id":"https:\/\/irvold.dk\/#breadcrumb"},"inLanguage":"da-DK","potentialAction":[{"@type":"ReadAction","target":["https:\/\/irvold.dk\/"]}]},{"@type":"BreadcrumbList","@id":"https:\/\/irvold.dk\/#breadcrumb","itemListElement":[{"@type":"ListItem","position":1,"name":"Hjem","item":"https:\/\/irvold.dk\/"},{"@type":"ListItem","position":2,"name":"Vi tilbyder"}]},{"@type":"WebSite","@id":"https:\/\/irvold.dk\/#website","url":"https:\/\/irvold.dk\/","name":"Irvold IT &amp; Kommunikation","description":"","publisher":{"@id":"https:\/\/irvold.dk\/#organization"},"potentialAction":[{"@type":"SearchAction","target":{"@type":"EntryPoint","urlTemplate":"https:\/\/irvold.dk\/?s={search_term_string}"},"query-input":"required name=search_term_string"}],"inLanguage":"da-DK"},{"@type":"Organization","@id":"https:\/\/irvold.dk\/#organization","name":"Irvold IT & Kommunikation","url":"https:\/\/irvold.dk\/","logo":{"@type":"ImageObject","inLanguage":"da-DK","@id":"https:\/\/irvold.dk\/#\/schema\/logo\/image\/","url":"","contentUrl":"","caption":"Irvold IT & Kommunikation"},"image":{"@id":"https:\/\/irvold.dk\/#\/schema\/logo\/image\/"},"sameAs":["https:\/\/www.facebook.com\/irvoldit","https:\/\/www.linkedin.com\/company\/73920751"]}]}},"jetpack_sharing_enabled":true,"_links":{"self":[{"href":"https:\/\/wp-test-003.irvold.dk\/index.php\/wp-json\/wp\/v2\/pages\/1391"}],"collection":[{"href":"https:\/\/wp-test-003.irvold.dk\/index.php\/wp-json\/wp\/v2\/pages"}],"about":[{"href":"https:\/\/wp-test-003.irvold.dk\/index.php\/wp-json\/wp\/v2\/types\/page"}],"author":[{"embeddable":true,"href":"https:\/\/wp-test-003.irvold.dk\/index.php\/wp-json\/wp\/v2\/users\/3"}],"replies":[{"embeddable":true,"href":"https:\/\/wp-test-003.irvold.dk\/index.php\/wp-json\/wp\/v2\/comments?post=1391"}],"version-history":[{"count":9,"href":"https:\/\/wp-test-003.irvold.dk\/index.php\/wp-json\/wp\/v2\/pages\/1391\/revisions"}],"predecessor-version":[{"id":2012,"href":"https:\/\/wp-test-003.irvold.dk\/index.php\/wp-json\/wp\/v2\/pages\/1391\/revisions\/2012"}],"wp:attachment":[{"href":"https:\/\/wp-test-003.irvold.dk\/index.php\/wp-json\/wp\/v2\/media?parent=1391"}],"curies":[{"name":"wp","href":"https:\/\/api.w.org\/{rel}","templated":true}]}}